{"id":13535,"date":"2026-04-25T01:58:20","date_gmt":"2026-04-25T01:58:20","guid":{"rendered":"https:\/\/tailoredshop.shop\/?post_type=product&#038;p=13535"},"modified":"2026-04-25T02:18:52","modified_gmt":"2026-04-25T02:18:52","slug":"silla-de-oficina-para-gaming-escritorio-ergonmica-con-reposacabezas-ajustable-y-con-soporte-lumbar-respaldo-de-malla-transpirable-reposabrazos-abatibles-de-90-giratoria-360-sf168-002","status":"publish","type":"product","link":"https:\/\/tailoredshop.shop\/es\/producto\/silla-de-oficina-para-gaming-escritorio-ergonmica-con-reposacabezas-ajustable-y-con-soporte-lumbar-respaldo-de-malla-transpirable-reposabrazos-abatibles-de-90-giratoria-360-sf168-002\/","title":{"rendered":"Silla de Oficina, para Gaming, Escritorio Ergonmica con Reposacabezas, Ajustable y con Soporte Lumbar Respaldo de Malla Transpirable Reposabrazos Abatibles de 90 Giratoria 360 (SF168-002)"},"content":{"rendered":"<div data-elementor-type=\"product-post\" data-elementor-id=\"13535\" class=\"elementor elementor-13535\" data-elementor-post-type=\"product\">\n\t\t\t\t<div class=\"elementor-element elementor-element-1c4a22d7 e-flex e-con-boxed e-con e-parent\" data-id=\"1c4a22d7\" data-element_type=\"container\" data-settings=\"{&quot;ekit_has_onepagescroll_dot&quot;:&quot;yes&quot;}\">\n\t\t\t\t\t<div class=\"e-con-inner\">\n\t\t<div class=\"elementor-element elementor-element-74a51b15 e-grid e-con-full e-con e-child\" data-id=\"74a51b15\" data-element_type=\"container\" data-settings=\"{&quot;ekit_has_onepagescroll_dot&quot;:&quot;yes&quot;}\">\n\t\t\t\t<div class=\"elementor-element elementor-element-3ddc534d elementor-widget elementor-widget-video\" data-id=\"3ddc534d\" data-element_type=\"widget\" data-settings=\"{&quot;video_type&quot;:&quot;hosted&quot;,&quot;controls&quot;:&quot;yes&quot;,&quot;ekit_we_effect_on&quot;:&quot;none&quot;}\" data-widget_type=\"video.default\">\n\t\t\t\t<div class=\"elementor-widget-container\">\n\t\t\t\t\t\t\t<div class=\"e-hosted-video elementor-wrapper elementor-open-inline\">\n\t\t\t\t\t<video class=\"elementor-video\" src=\"https:\/\/tailoredshop.shop\/wp-content\/uploads\/2026\/04\/video_2026-04-08_16-05-04.mp4\" controls=\"\" preload=\"metadata\" controlslist=\"nodownload\"><\/video>\n\t\t\t\t<\/div>\n\t\t\t\t\t\t<\/div>\n\t\t\t\t<\/div>\n\t\t\t\t<div class=\"elementor-element elementor-element-5440fc31 elementor-widget elementor-widget-text-editor\" data-id=\"5440fc31\" data-element_type=\"widget\" data-settings=\"{&quot;ekit_we_effect_on&quot;:&quot;none&quot;}\" data-widget_type=\"text-editor.default\">\n\t\t\t\t<div class=\"elementor-widget-container\">\n\t\t\t\t\t\t\t\t\t<div class=\"elementor-widget-container\">\n\t\t\t\t\t\t\t\t\t# Item details\n\n<div class=\"product-table\">\n  <div class=\"product-row\">\n    <div class=\"product-label\"><strong>Recommended Uses For Product<\/strong><\/div>\n    <div class=\"product-value\"><strong>Office, Reading, Relaxing<\/strong><\/div>\n  <\/div>\n  <div class=\"product-row\">\n    <div class=\"product-label\"><strong>Room Type<\/strong><\/div>\n    <div class=\"product-value\"><strong>Bedroom, Office, Study Room<\/strong><\/div>\n  <\/div>\n  <div class=\"product-row\">\n    <div class=\"product-label\"><strong>Age Range Description<\/strong><\/div>\n    <div class=\"product-value\"><strong>Adult<\/strong><\/div>\n  <\/div>\n  <div class=\"product-row\">\n    <div class=\"product-label\"><strong>Included Components<\/strong><\/div>\n    <div class=\"product-value\"><strong>1 x Instructions, 1 x Office Chair<\/strong><\/div>\n  <\/div>\n  <div class=\"product-row\">\n    <div class=\"product-label\"><strong>Surface Recommendation<\/strong><\/div>\n    <div class=\"product-value\"><strong>Hard Floor<\/strong><\/div>\n  <\/div>\n  <div class=\"product-row\">\n    <div class=\"product-label\"><strong>Indoor Outdoor Usage<\/strong><\/div>\n    <div class=\"product-value\"><strong>Indoor<\/strong><\/div>\n  <\/div>\n  <div class=\"product-row\">\n    <div class=\"product-label\"><strong>Unit Count<\/strong><\/div>\n    <div class=\"product-value\"><strong>1.0 Count<\/strong><\/div>\n  <\/div>\n<\/div>\n\n<style>\n.product-table {\n  width: 100%;\n  border-top: 1px solid #000;\n  font-family: Arial, sans-serif;\n}\n\n.product-row {\n  display: flex;\n  border-bottom: 1px solid #000;\n  padding: 12px 0;\n}\n\n.product-label {\n  flex: 1;\n  font-weight: bold;\n  min-width: 200px;\n  padding-right: 20px;\n}\n\n.product-value {\n  flex: 1;\n  min-width: 200px;\n}\n<\/style>\n<\/div>\t\t\t\t\t\t\t\t<\/div>\n\t\t\t\t<\/div>\n\t\t\t\t<\/div>\n\t\t\t\t\t<\/div>\n\t\t\t\t<\/div>\n\t\t<div class=\"elementor-element elementor-element-64656f4a e-flex e-con-boxed e-con e-parent\" data-id=\"64656f4a\" data-element_type=\"container\" data-settings=\"{&quot;ekit_has_onepagescroll_dot&quot;:&quot;yes&quot;}\">\n\t\t\t\t\t<div class=\"e-con-inner\">\n\t\t\t\t<div class=\"elementor-element elementor-element-131d6b58 elementor--h-position-center elementor--v-position-middle elementor-arrows-position-inside elementor-pagination-position-inside elementor-widget elementor-widget-slides\" data-id=\"131d6b58\" data-element_type=\"widget\" data-settings=\"{&quot;navigation&quot;:&quot;both&quot;,&quot;autoplay&quot;:&quot;yes&quot;,&quot;pause_on_hover&quot;:&quot;yes&quot;,&quot;pause_on_interaction&quot;:&quot;yes&quot;,&quot;autoplay_speed&quot;:5000,&quot;infinite&quot;:&quot;yes&quot;,&quot;transition&quot;:&quot;slide&quot;,&quot;transition_speed&quot;:500,&quot;ekit_we_effect_on&quot;:&quot;none&quot;}\" data-widget_type=\"slides.default\">\n\t\t\t\t<div class=\"elementor-widget-container\">\n\t\t\t\t\t\t\t\t\t<div class=\"elementor-swiper\">\r\n\t\t\t\t\t<div class=\"elementor-slides-wrapper elementor-main-swiper swiper\" role=\"region\" aria-roledescription=\"carousel\" aria-label=\"Diapositivas\" dir=\"ltr\" data-animation=\"fadeInUp\">\r\n\t\t\t\t<div class=\"swiper-wrapper elementor-slides\">\r\n\t\t\t\t\t\t\t\t\t\t<div class=\"elementor-repeater-item-55fc6ec swiper-slide\" role=\"group\" aria-roledescription=\"slide\"><div class=\"swiper-slide-bg\" role=\"img\" aria-label=\"88cda1b5-c5f0-4b1f-9b91-f0e79683ad63.__CR001464600_PT0_SX1464_V1___.jpg\"><\/div><div class=\"swiper-slide-inner\" ><div class=\"swiper-slide-contents\"><div class=\"elementor-slide-heading\">Multiple Using Scene<\/div><\/div><\/div><\/div><div class=\"elementor-repeater-item-2bc3ed2 swiper-slide\" role=\"group\" aria-roledescription=\"slide\"><div class=\"swiper-slide-bg\" role=\"img\" aria-label=\"fbe547dd-d2b7-4dd1-84c2-e966c7a32677.__CR0029281200_PT0_SX1464_V1___.jpg\"><\/div><div class=\"swiper-slide-inner\" ><div class=\"swiper-slide-contents\"><div class=\"elementor-slide-heading\">Gaming Room<\/div><\/div><\/div><\/div><div class=\"elementor-repeater-item-79ac600 swiper-slide\" role=\"group\" aria-roledescription=\"slide\"><div class=\"swiper-slide-bg\" role=\"img\" aria-label=\"d5ad7ceb-8c6a-4ca0-bd67-c365b38af9ff.__CR0029281200_PT0_SX1464_V1___.jpg\"><\/div><div class=\"swiper-slide-inner\" ><div class=\"swiper-slide-contents\"><div class=\"elementor-slide-heading\">Study Room<\/div><\/div><\/div><\/div><div class=\"elementor-repeater-item-dfdfff1 swiper-slide\" role=\"group\" aria-roledescription=\"slide\"><div class=\"swiper-slide-bg\" role=\"img\" aria-label=\"486e7f0d-13a7-46bb-8070-f87e76c29d86.__CR0029281200_PT0_SX1464_V1___.jpg\"><\/div><div class=\"swiper-slide-inner\" ><div class=\"swiper-slide-contents\"><div class=\"elementor-slide-heading\">Meeting Room<\/div><\/div><\/div><\/div>\t\t\t\t<\/div>\r\n\t\t\t\t\t\t\t\t\t\t\t\t\t\t\t<div class=\"elementor-swiper-button elementor-swiper-button-prev\" role=\"button\" tabindex=\"0\" aria-label=\"Previous slide\">\r\n\t\t\t\t\t\t\t<svg aria-hidden=\"true\" class=\"e-font-icon-svg e-eicon-chevron-left\" viewbox=\"0 0 1000 1000\" xmlns=\"http:\/\/www.w3.org\/2000\/svg\"><path d=\"M646 125C629 125 613 133 604 142L308 442C296 454 292 471 292 487 292 504 296 521 308 533L604 854C617 867 629 875 646 875 663 875 679 871 692 858 704 846 713 829 713 812 713 796 708 779 692 767L438 487 692 225C700 217 708 204 708 187 708 171 704 154 692 142 675 129 663 125 646 125Z\"><\/path><\/svg>\t\t\t\t\t\t<\/div>\r\n\t\t\t\t\t\t<div class=\"elementor-swiper-button elementor-swiper-button-next\" role=\"button\" tabindex=\"0\" aria-label=\"Next slide\">\r\n\t\t\t\t\t\t\t<svg aria-hidden=\"true\" class=\"e-font-icon-svg e-eicon-chevron-right\" viewbox=\"0 0 1000 1000\" xmlns=\"http:\/\/www.w3.org\/2000\/svg\"><path d=\"M696 533C708 521 713 504 713 487 713 471 708 454 696 446L400 146C388 133 375 125 354 125 338 125 325 129 313 142 300 154 292 171 292 187 292 204 296 221 308 233L563 492 304 771C292 783 288 800 288 817 288 833 296 850 308 863 321 871 338 875 354 875 371 875 388 867 400 854L696 533Z\"><\/path><\/svg>\t\t\t\t\t\t<\/div>\r\n\t\t\t\t\t\t\t\t\t\t\t\t\t\t\t\t<div class=\"swiper-pagination\"><\/div>\r\n\t\t\t\t\t\t\t\t\t\t\t\t<\/div>\r\n\t\t\t\t<\/div>\r\n\t\t\t\t\t\t\t\t<\/div>\n\t\t\t\t<\/div>\n\t\t\t\t<div class=\"elementor-element elementor-element-403f562f elementor--h-position-center elementor--v-position-middle elementor-arrows-position-inside elementor-pagination-position-inside elementor-widget elementor-widget-slides\" data-id=\"403f562f\" data-element_type=\"widget\" data-settings=\"{&quot;navigation&quot;:&quot;both&quot;,&quot;autoplay&quot;:&quot;yes&quot;,&quot;pause_on_hover&quot;:&quot;yes&quot;,&quot;pause_on_interaction&quot;:&quot;yes&quot;,&quot;autoplay_speed&quot;:5000,&quot;infinite&quot;:&quot;yes&quot;,&quot;transition&quot;:&quot;slide&quot;,&quot;transition_speed&quot;:500,&quot;ekit_we_effect_on&quot;:&quot;none&quot;}\" data-widget_type=\"slides.default\">\n\t\t\t\t<div class=\"elementor-widget-container\">\n\t\t\t\t\t\t\t\t\t<div class=\"elementor-swiper\">\r\n\t\t\t\t\t<div class=\"elementor-slides-wrapper elementor-main-swiper swiper\" role=\"region\" aria-roledescription=\"carousel\" aria-label=\"Diapositivas\" dir=\"ltr\" data-animation=\"fadeInUp\">\r\n\t\t\t\t<div class=\"swiper-wrapper elementor-slides\">\r\n\t\t\t\t\t\t\t\t\t\t<div class=\"elementor-repeater-item-8faffde swiper-slide\" role=\"group\" aria-roledescription=\"slide\"><div class=\"swiper-slide-bg\" role=\"img\" aria-label=\"1-8.jpg\"><\/div><div class=\"swiper-slide-inner\" ><div class=\"swiper-slide-contents\"><\/div><\/div><\/div><div class=\"elementor-repeater-item-caddde8 swiper-slide\" role=\"group\" aria-roledescription=\"slide\"><div class=\"swiper-slide-bg\" role=\"img\" aria-label=\"2-2.jpg\"><\/div><div class=\"swiper-slide-inner\" ><div class=\"swiper-slide-contents\"><\/div><\/div><\/div>\t\t\t\t<\/div>\r\n\t\t\t\t\t\t\t\t\t\t\t\t\t\t\t<div class=\"elementor-swiper-button elementor-swiper-button-prev\" role=\"button\" tabindex=\"0\" aria-label=\"Previous slide\">\r\n\t\t\t\t\t\t\t<svg aria-hidden=\"true\" class=\"e-font-icon-svg e-eicon-chevron-left\" viewbox=\"0 0 1000 1000\" xmlns=\"http:\/\/www.w3.org\/2000\/svg\"><path d=\"M646 125C629 125 613 133 604 142L308 442C296 454 292 471 292 487 292 504 296 521 308 533L604 854C617 867 629 875 646 875 663 875 679 871 692 858 704 846 713 829 713 812 713 796 708 779 692 767L438 487 692 225C700 217 708 204 708 187 708 171 704 154 692 142 675 129 663 125 646 125Z\"><\/path><\/svg>\t\t\t\t\t\t<\/div>\r\n\t\t\t\t\t\t<div class=\"elementor-swiper-button elementor-swiper-button-next\" role=\"button\" tabindex=\"0\" aria-label=\"Next slide\">\r\n\t\t\t\t\t\t\t<svg aria-hidden=\"true\" class=\"e-font-icon-svg e-eicon-chevron-right\" viewbox=\"0 0 1000 1000\" xmlns=\"http:\/\/www.w3.org\/2000\/svg\"><path d=\"M696 533C708 521 713 504 713 487 713 471 708 454 696 446L400 146C388 133 375 125 354 125 338 125 325 129 313 142 300 154 292 171 292 187 292 204 296 221 308 233L563 492 304 771C292 783 288 800 288 817 288 833 296 850 308 863 321 871 338 875 354 875 371 875 388 867 400 854L696 533Z\"><\/path><\/svg>\t\t\t\t\t\t<\/div>\r\n\t\t\t\t\t\t\t\t\t\t\t\t\t\t\t\t<div class=\"swiper-pagination\"><\/div>\r\n\t\t\t\t\t\t\t\t\t\t\t\t<\/div>\r\n\t\t\t\t<\/div>\r\n\t\t\t\t\t\t\t\t<\/div>\n\t\t\t\t<\/div>\n\t\t\t\t\t<\/div>\n\t\t\t\t<\/div>\n\t\t<div class=\"elementor-element elementor-element-1d7500b9 e-flex e-con-boxed e-con e-parent\" data-id=\"1d7500b9\" data-element_type=\"container\" data-settings=\"{&quot;ekit_has_onepagescroll_dot&quot;:&quot;yes&quot;}\">\n\t\t\t\t\t<div class=\"e-con-inner\">\n\t\t\t\t<div class=\"elementor-element elementor-element-ced85d5 elementor-widget elementor-widget-image\" data-id=\"ced85d5\" data-element_type=\"widget\" data-settings=\"{&quot;ekit_we_effect_on&quot;:&quot;none&quot;}\" data-widget_type=\"image.default\">\n\t\t\t\t<div class=\"elementor-widget-container\">\n\t\t\t\t\t\t\t\t\t\t\t\t\t\t\t<img loading=\"lazy\" decoding=\"async\" width=\"1464\" height=\"600\" src=\"https:\/\/tailoredshop.shop\/wp-content\/uploads\/2026\/04\/3.jpg\" class=\"attachment-full size-full wp-image-13557 wvs-archive-product-image\" alt=\"\" srcset=\"https:\/\/tailoredshop.shop\/wp-content\/uploads\/2026\/04\/3.jpg 1464w, https:\/\/tailoredshop.shop\/wp-content\/uploads\/2026\/04\/3-300x123.jpg 300w, https:\/\/tailoredshop.shop\/wp-content\/uploads\/2026\/04\/3-1024x420.jpg 1024w, https:\/\/tailoredshop.shop\/wp-content\/uploads\/2026\/04\/3-768x315.jpg 768w, https:\/\/tailoredshop.shop\/wp-content\/uploads\/2026\/04\/3-18x7.jpg 18w, https:\/\/tailoredshop.shop\/wp-content\/uploads\/2026\/04\/3-600x246.jpg 600w, https:\/\/tailoredshop.shop\/wp-content\/uploads\/2026\/04\/3-1x1.jpg 1w, https:\/\/tailoredshop.shop\/wp-content\/uploads\/2026\/04\/3-10x4.jpg 10w\" sizes=\"auto, (max-width: 1464px) 100vw, 1464px\" \/>\t\t\t\t\t\t\t\t\t\t\t\t\t\t\t<\/div>\n\t\t\t\t<\/div>\n\t\t\t\t<div class=\"elementor-element elementor-element-1f635e18 elementor-widget elementor-widget-heading\" data-id=\"1f635e18\" data-element_type=\"widget\" data-settings=\"{&quot;ekit_we_effect_on&quot;:&quot;none&quot;}\" data-widget_type=\"heading.default\">\n\t\t\t\t<div class=\"elementor-widget-container\">\n\t\t\t\t\t<h2 class=\"elementor-heading-title elementor-size-default\">Asiento de espuma de alta densidad<\/h2>\t\t\t\t<\/div>\n\t\t\t\t<\/div>\n\t\t\t\t<div class=\"elementor-element elementor-element-1fb74b41 elementor-widget elementor-widget-text-editor\" data-id=\"1fb74b41\" data-element_type=\"widget\" data-settings=\"{&quot;ekit_we_effect_on&quot;:&quot;none&quot;}\" data-widget_type=\"text-editor.default\">\n\t\t\t\t<div class=\"elementor-widget-container\">\n\t\t\t\t\t\t\t\t\t<p>El coj\u00edn del asiento est\u00e1 fabricado con\u00a0<strong>espuma de alta densidad y recuperaci\u00f3n lenta<\/strong>, que se adapta a la forma del cuerpo sin hundirse. Ofrece una distribuci\u00f3n uniforme del peso y evita la sensaci\u00f3n de entumecimiento en piernas y gl\u00fateos.<\/p>\t\t\t\t\t\t\t\t<\/div>\n\t\t\t\t<\/div>\n\t\t\t\t<div class=\"elementor-element elementor-element-139b4855 elementor-widget elementor-widget-image\" data-id=\"139b4855\" data-element_type=\"widget\" data-settings=\"{&quot;ekit_we_effect_on&quot;:&quot;none&quot;}\" data-widget_type=\"image.default\">\n\t\t\t\t<div class=\"elementor-widget-container\">\n\t\t\t\t\t\t\t\t\t\t\t\t\t\t\t<img loading=\"lazy\" decoding=\"async\" width=\"1464\" height=\"600\" src=\"https:\/\/tailoredshop.shop\/wp-content\/uploads\/2026\/04\/4.jpg\" class=\"attachment-full size-full wp-image-13558 wvs-archive-product-image\" alt=\"\" srcset=\"https:\/\/tailoredshop.shop\/wp-content\/uploads\/2026\/04\/4.jpg 1464w, https:\/\/tailoredshop.shop\/wp-content\/uploads\/2026\/04\/4-300x123.jpg 300w, https:\/\/tailoredshop.shop\/wp-content\/uploads\/2026\/04\/4-1024x420.jpg 1024w, https:\/\/tailoredshop.shop\/wp-content\/uploads\/2026\/04\/4-768x315.jpg 768w, https:\/\/tailoredshop.shop\/wp-content\/uploads\/2026\/04\/4-18x7.jpg 18w, https:\/\/tailoredshop.shop\/wp-content\/uploads\/2026\/04\/4-600x246.jpg 600w, https:\/\/tailoredshop.shop\/wp-content\/uploads\/2026\/04\/4-1x1.jpg 1w, https:\/\/tailoredshop.shop\/wp-content\/uploads\/2026\/04\/4-10x4.jpg 10w\" sizes=\"auto, (max-width: 1464px) 100vw, 1464px\" \/>\t\t\t\t\t\t\t\t\t\t\t\t\t\t\t<\/div>\n\t\t\t\t<\/div>\n\t\t\t\t<div class=\"elementor-element elementor-element-4aa3e8cf elementor-widget elementor-widget-heading\" data-id=\"4aa3e8cf\" data-element_type=\"widget\" data-settings=\"{&quot;ekit_we_effect_on&quot;:&quot;none&quot;}\" data-widget_type=\"heading.default\">\n\t\t\t\t<div class=\"elementor-widget-container\">\n\t\t\t\t\t<h2 class=\"elementor-heading-title elementor-size-default\">Vers\u00e1til para oficina, home office o estudio<\/h2>\t\t\t\t<\/div>\n\t\t\t\t<\/div>\n\t\t\t\t<div class=\"elementor-element elementor-element-5a7a4dda elementor-widget elementor-widget-text-editor\" data-id=\"5a7a4dda\" data-element_type=\"widget\" data-settings=\"{&quot;ekit_we_effect_on&quot;:&quot;none&quot;}\" data-widget_type=\"text-editor.default\">\n\t\t\t\t<div class=\"elementor-widget-container\">\n\t\t\t\t\t\t\t\t\t<p>Perfecta para\u00a0<strong>trabajo profesional, teletrabajo, sala de juntas, recepci\u00f3n o estudio de estudiantes<\/strong>. Su estilo moderno y profesional combina con cualquier decoraci\u00f3n de oficina o hogar.<\/p>\t\t\t\t\t\t\t\t<\/div>\n\t\t\t\t<\/div>\n\t\t\t\t<div class=\"elementor-element elementor-element-785371df elementor-widget elementor-widget-image\" data-id=\"785371df\" data-element_type=\"widget\" data-settings=\"{&quot;ekit_we_effect_on&quot;:&quot;none&quot;}\" data-widget_type=\"image.default\">\n\t\t\t\t<div class=\"elementor-widget-container\">\n\t\t\t\t\t\t\t\t\t\t\t\t\t\t\t<img loading=\"lazy\" decoding=\"async\" width=\"1464\" height=\"600\" src=\"https:\/\/tailoredshop.shop\/wp-content\/uploads\/2026\/04\/5.jpg\" class=\"attachment-full size-full wp-image-13559 wvs-archive-product-image\" alt=\"\" srcset=\"https:\/\/tailoredshop.shop\/wp-content\/uploads\/2026\/04\/5.jpg 1464w, https:\/\/tailoredshop.shop\/wp-content\/uploads\/2026\/04\/5-300x123.jpg 300w, https:\/\/tailoredshop.shop\/wp-content\/uploads\/2026\/04\/5-1024x420.jpg 1024w, https:\/\/tailoredshop.shop\/wp-content\/uploads\/2026\/04\/5-768x315.jpg 768w, https:\/\/tailoredshop.shop\/wp-content\/uploads\/2026\/04\/5-18x7.jpg 18w, https:\/\/tailoredshop.shop\/wp-content\/uploads\/2026\/04\/5-600x246.jpg 600w, https:\/\/tailoredshop.shop\/wp-content\/uploads\/2026\/04\/5-1x1.jpg 1w, https:\/\/tailoredshop.shop\/wp-content\/uploads\/2026\/04\/5-10x4.jpg 10w\" sizes=\"auto, (max-width: 1464px) 100vw, 1464px\" \/>\t\t\t\t\t\t\t\t\t\t\t\t\t\t\t<\/div>\n\t\t\t\t<\/div>\n\t\t\t\t<div class=\"elementor-element elementor-element-78e01f05 elementor-widget elementor-widget-heading\" data-id=\"78e01f05\" data-element_type=\"widget\" data-settings=\"{&quot;ekit_we_effect_on&quot;:&quot;none&quot;}\" data-widget_type=\"heading.default\">\n\t\t\t\t<div class=\"elementor-widget-container\">\n\t\t\t\t\t<h2 class=\"elementor-heading-title elementor-size-default\">Montaje sencillo en 15 minutos<\/h2>\t\t\t\t<\/div>\n\t\t\t\t<\/div>\n\t\t\t\t<div class=\"elementor-element elementor-element-2b031b93 elementor-widget elementor-widget-text-editor\" data-id=\"2b031b93\" data-element_type=\"widget\" data-settings=\"{&quot;ekit_we_effect_on&quot;:&quot;none&quot;}\" data-widget_type=\"text-editor.default\">\n\t\t\t\t<div class=\"elementor-widget-container\">\n\t\t\t\t\t\t\t\t\t<p>La silla se entrega con herramientas, tornillos e instrucciones claras. El sistema de montaje por encaje reduce el uso de herramientas complejas. Cualquier persona puede montarla en casa en aproximadamente 15 minutos.<\/p>\t\t\t\t\t\t\t\t<\/div>\n\t\t\t\t<\/div>\n\t\t\t\t<div class=\"elementor-element elementor-element-68805eb4 elementor-widget elementor-widget-image\" data-id=\"68805eb4\" data-element_type=\"widget\" data-settings=\"{&quot;ekit_we_effect_on&quot;:&quot;none&quot;}\" data-widget_type=\"image.default\">\n\t\t\t\t<div class=\"elementor-widget-container\">\n\t\t\t\t\t\t\t\t\t\t\t\t\t\t\t<img loading=\"lazy\" decoding=\"async\" width=\"1464\" height=\"600\" src=\"https:\/\/tailoredshop.shop\/wp-content\/uploads\/2026\/04\/ccdcfa03-15b1-4474-a8c9-ea15326b40f4.__CR0029281200_PT0_SX1464_V1___.jpg\" class=\"attachment-full size-full wp-image-13560 wvs-archive-product-image\" alt=\"\" srcset=\"https:\/\/tailoredshop.shop\/wp-content\/uploads\/2026\/04\/ccdcfa03-15b1-4474-a8c9-ea15326b40f4.__CR0029281200_PT0_SX1464_V1___.jpg 1464w, https:\/\/tailoredshop.shop\/wp-content\/uploads\/2026\/04\/ccdcfa03-15b1-4474-a8c9-ea15326b40f4.__CR0029281200_PT0_SX1464_V1___-300x123.jpg 300w, https:\/\/tailoredshop.shop\/wp-content\/uploads\/2026\/04\/ccdcfa03-15b1-4474-a8c9-ea15326b40f4.__CR0029281200_PT0_SX1464_V1___-1024x420.jpg 1024w, https:\/\/tailoredshop.shop\/wp-content\/uploads\/2026\/04\/ccdcfa03-15b1-4474-a8c9-ea15326b40f4.__CR0029281200_PT0_SX1464_V1___-768x315.jpg 768w, https:\/\/tailoredshop.shop\/wp-content\/uploads\/2026\/04\/ccdcfa03-15b1-4474-a8c9-ea15326b40f4.__CR0029281200_PT0_SX1464_V1___-18x7.jpg 18w, https:\/\/tailoredshop.shop\/wp-content\/uploads\/2026\/04\/ccdcfa03-15b1-4474-a8c9-ea15326b40f4.__CR0029281200_PT0_SX1464_V1___-600x246.jpg 600w, https:\/\/tailoredshop.shop\/wp-content\/uploads\/2026\/04\/ccdcfa03-15b1-4474-a8c9-ea15326b40f4.__CR0029281200_PT0_SX1464_V1___-1x1.jpg 1w, https:\/\/tailoredshop.shop\/wp-content\/uploads\/2026\/04\/ccdcfa03-15b1-4474-a8c9-ea15326b40f4.__CR0029281200_PT0_SX1464_V1___-10x4.jpg 10w\" sizes=\"auto, (max-width: 1464px) 100vw, 1464px\" \/>\t\t\t\t\t\t\t\t\t\t\t\t\t\t\t<\/div>\n\t\t\t\t<\/div>\n\t\t\t\t\t<\/div>\n\t\t\t\t<\/div>\n\t\t\t\t<\/div>","protected":false},"excerpt":{"rendered":"<h1 class=\"a-size-base-plus a-text-bold\">About this item<\/h1>\n<ul class=\"a-unordered-list a-vertical a-spacing-mini\">\n<li class=\"a-spacing-mini\"><span class=\"a-list-item\">\u3010Cushioned Seat &amp; Mesh Back\u3011This office chair is designed to bring the combined benefits of a foam padded seat and a mesh backrest. Extra-wide cushioned seat is elastic and not easy to deform, offering optimal support for a long period of sitting. Plus, the high backrest wrapped with breathable mesh provides you with a cooler sitting experience and full back support.<\/span><\/li>\n<li class=\"a-spacing-mini\"><span class=\"a-list-item\">\u3010Foldable Armrest Design\u3011This ergonomic chair is designed to save space by allowing you to store it under the desk when not in use. Its adjustable arms ensure that it can fit any desk with varying heights. Foam-padded armrests offer exceptional comfort for your forearms and hands.<\/span><\/li>\n<\/ul>","protected":false},"featured_media":13538,"comment_status":"open","ping_status":"closed","template":"","meta":{"_acf_changed":false},"etheme_brands":[],"product_brand":[],"product_cat":[127,118],"product_tag":[],"class_list":{"0":"post-13535","1":"product","2":"type-product","3":"status-publish","4":"has-post-thumbnail","6":"product_cat-dao","7":"product_cat-sale-shop","9":"first","10":"instock","11":"sale","12":"shipping-taxable","13":"purchasable","14":"product-type-variable","15":"has-default-attributes","16":"wvs-archive-product-wrapper"},"acf":[],"_links":{"self":[{"href":"https:\/\/tailoredshop.shop\/es\/wp-json\/wp\/v2\/product\/13535","targetHints":{"allow":["GET"]}}],"collection":[{"href":"https:\/\/tailoredshop.shop\/es\/wp-json\/wp\/v2\/product"}],"about":[{"href":"https:\/\/tailoredshop.shop\/es\/wp-json\/wp\/v2\/types\/product"}],"replies":[{"embeddable":true,"href":"https:\/\/tailoredshop.shop\/es\/wp-json\/wp\/v2\/comments?post=13535"}],"version-history":[{"count":4,"href":"https:\/\/tailoredshop.shop\/es\/wp-json\/wp\/v2\/product\/13535\/revisions"}],"predecessor-version":[{"id":13566,"href":"https:\/\/tailoredshop.shop\/es\/wp-json\/wp\/v2\/product\/13535\/revisions\/13566"}],"wp:featuredmedia":[{"embeddable":true,"href":"https:\/\/tailoredshop.shop\/es\/wp-json\/wp\/v2\/media\/13538"}],"wp:attachment":[{"href":"https:\/\/tailoredshop.shop\/es\/wp-json\/wp\/v2\/media?parent=13535"}],"wp:term":[{"taxonomy":"brand","embeddable":true,"href":"https:\/\/tailoredshop.shop\/es\/wp-json\/wp\/v2\/etheme_brands?post=13535"},{"taxonomy":"product_brand","embeddable":true,"href":"https:\/\/tailoredshop.shop\/es\/wp-json\/wp\/v2\/product_brand?post=13535"},{"taxonomy":"product_cat","embeddable":true,"href":"https:\/\/tailoredshop.shop\/es\/wp-json\/wp\/v2\/product_cat?post=13535"},{"taxonomy":"product_tag","embeddable":true,"href":"https:\/\/tailoredshop.shop\/es\/wp-json\/wp\/v2\/product_tag?post=13535"}],"curies":[{"name":"wp","href":"https:\/\/api.w.org\/{rel}","templated":true}]}}